{"id":511,"date":"2016-07-07T09:51:36","date_gmt":"2016-07-07T07:51:36","guid":{"rendered":"http:\/\/defensor.umh.es\/?page_id=511"},"modified":"2023-03-08T11:23:30","modified_gmt":"2023-03-08T10:23:30","slug":"como-se-elige","status":"publish","type":"page","link":"https:\/\/defensor.umh.es\/ca\/el-defensor-universitario\/como-se-elige\/","title":{"rendered":"Com s\u2019elegeix?"},"content":{"rendered":"<p><\/p>\n<p style=\"text-align: justify;\"><strong><u>Com s\u2019elegeix?<\/u><\/strong><\/p>\n<p style=\"text-align: justify;\">El Defensor Universitari \u00e9s elegit pel Claustre Universitari d&#8217;entre els professors doctors en actiu de la Universitat que compten amb una antiguitat m\u00ednima de 15 anys en els cossos docents universitaris i sempre que, tot i pert\u00e0nyer a aquests cossos, hagen prestat els seus serveis en la Universitat Miguel Hern\u00e1ndez per un per\u00edode superior a 8 anys, en els termes i terminis reglament\u00e0riament establerts; les candidatures a Defensor Universitari es presentaran davant la Mesa &nbsp;del Claustre, per a l\u2019elecci\u00f3 posterior.<\/p>\n<p style=\"text-align: justify;\">A proposta del Claustre universitari el rector nomena el defensor universitari.<\/p>\n<p style=\"text-align: justify;\">La durada del mandat del Defensor Universitari coincidir\u00e0 amb la del per\u00edode ordinari de govern de la Universitat. Aix\u00ed mateix, nom\u00e9s pot ser reelegit una sola vegada, sense que es compute el mandat inferior als dos anys a l&#8217;efecte de conc\u00f3rrer com a candidat a la reelecci\u00f3.<\/p>\n<p style=\"text-align: justify;\">El Defensor Universitari cessar\u00e0 per alguna de les causes seg\u00fcents:<\/p>\n<ul>\n<li style=\"text-align: justify;\">A petici\u00f3 pr\u00f2pia.<\/li>\n<li style=\"text-align: justify;\">Per manifesta impossibilitat de complir les seues funcions.<\/li>\n<li style=\"text-align: justify;\">Com a conseq\u00fc\u00e8ncia de la dissoluci\u00f3 del Claustre Universitari.<\/li>\n<li style=\"text-align: justify;\">Per remoci\u00f3 pel Claustre per la majoria absoluta dels seus membres a petici\u00f3 d&#8217;una tercera part dels membres.<\/li>\n<\/ul>\n<p><\/p>","protected":false},"excerpt":{"rendered":"<p>Com s\u2019elegeix?<br \/>\nEl Defensor Universitari \u00e9s elegit pel Claustre Universitari d&#8217;entre els professors doctors en actiu de la Universitat que compten amb una antiguitat m\u00ednima de 15 anys en els cossos docents universitaris i sempre que, tot i pert\u00e0nyer a aquests cossos, hagen prestat els seus serveis en la Universitat Miguel Hern\u00e1ndez per un per\u00edode superior [&#8230;]<\/p>\n","protected":false},"author":168,"featured_media":0,"parent":507,"menu_order":30,"comment_status":"closed","ping_status":"open","template":"","meta":{"ngg_post_thumbnail":0,"_links_to":"","_links_to_target":""},"_links":{"self":[{"href":"https:\/\/defensor.umh.es\/ca\/wp-json\/wp\/v2\/pages\/511"}],"collection":[{"href":"https:\/\/defensor.umh.es\/ca\/wp-json\/wp\/v2\/pages"}],"about":[{"href":"https:\/\/defensor.umh.es\/ca\/wp-json\/wp\/v2\/types\/page"}],"author":[{"embeddable":true,"href":"https:\/\/defensor.umh.es\/ca\/wp-json\/wp\/v2\/users\/168"}],"replies":[{"embeddable":true,"href":"https:\/\/defensor.umh.es\/ca\/wp-json\/wp\/v2\/comments?post=511"}],"version-history":[{"count":0,"href":"https:\/\/defensor.umh.es\/ca\/wp-json\/wp\/v2\/pages\/511\/revisions"}],"up":[{"embeddable":true,"href":"https:\/\/defensor.umh.es\/ca\/wp-json\/wp\/v2\/pages\/507"}],"wp:attachment":[{"href":"https:\/\/defensor.umh.es\/ca\/wp-json\/wp\/v2\/media?parent=511"}],"curies":[{"name":"wp","href":"https:\/\/api.w.org\/{rel}","templated":true}]}}