{"id":514,"date":"2016-07-07T09:54:34","date_gmt":"2016-07-07T07:54:34","guid":{"rendered":"http:\/\/defensor.umh.es\/?page_id=514"},"modified":"2020-10-19T08:56:05","modified_gmt":"2020-10-19T06:56:05","slug":"cuales-son-sus-funciones","status":"publish","type":"page","link":"https:\/\/defensor.umh.es\/ca\/el-defensor-universitario\/cuales-son-sus-funciones\/","title":{"rendered":"Quines s\u00f3n les seues funcions?"},"content":{"rendered":"<p><\/p>\n<p style=\"text-align: justify\"><strong><u>Quines s\u00f3n les seues funcions?<\/u><\/strong><\/p>\n<p style=\"text-align: justify\">1.- Organitzar la seua activitat amb total llibertat i administrar el pressupost i recursos que se li assignen expl\u00edcitament en el pressupost anual de la Universitat i que facen possible l&#8217;exercici de les seues funcions.<\/p>\n<p style=\"text-align: justify\">2.- Rebre les queixes que li sotmeta qualsevol membre identificat de la Comunitat Universit\u00e0ria, o sense identificar a trav\u00e9s dels membres dels \u00f2rgans col\u00b7legiats que el representen.<\/p>\n<p style=\"text-align: justify\">3.- Efectuar les propostes que considere oportunes per a la soluci\u00f3 precisa dels casos que l\u2019hi posen en coneixement.<\/p>\n<p style=\"text-align: justify\">4.- Presentar anualment un informe que arreplegue les seues actuacions en una sessi\u00f3 extraordin\u00e0ria i conjunyeix del Claustre Universitari i del Consell de Govern. Despr\u00e9s d&#8217;a\u00e7\u00f2, el Claustre Universitari podr\u00e0 aprovar propostes relatives a algun dels elements del mateix que tindran car\u00e0cter vinculant.<\/p>\n<p><\/p>","protected":false},"excerpt":{"rendered":"<p>Quines s\u00f3n les seues funcions?<br \/>\n1.- Organitzar la seua activitat amb total llibertat i administrar el pressupost i recursos que se li assignen expl\u00edcitament en el pressupost anual de la Universitat i que facen possible l&#8217;exercici de les seues funcions.<br \/>\n2.- Rebre les queixes que li sotmeta qualsevol membre identificat de la Comunitat Universit\u00e0ria, o sense identificar [&#8230;]<\/p>\n","protected":false},"author":168,"featured_media":0,"parent":507,"menu_order":50,"comment_status":"closed","ping_status":"open","template":"","meta":{"ngg_post_thumbnail":0,"_links_to":"","_links_to_target":""},"_links":{"self":[{"href":"https:\/\/defensor.umh.es\/ca\/wp-json\/wp\/v2\/pages\/514"}],"collection":[{"href":"https:\/\/defensor.umh.es\/ca\/wp-json\/wp\/v2\/pages"}],"about":[{"href":"https:\/\/defensor.umh.es\/ca\/wp-json\/wp\/v2\/types\/page"}],"author":[{"embeddable":true,"href":"https:\/\/defensor.umh.es\/ca\/wp-json\/wp\/v2\/users\/168"}],"replies":[{"embeddable":true,"href":"https:\/\/defensor.umh.es\/ca\/wp-json\/wp\/v2\/comments?post=514"}],"version-history":[{"count":0,"href":"https:\/\/defensor.umh.es\/ca\/wp-json\/wp\/v2\/pages\/514\/revisions"}],"up":[{"embeddable":true,"href":"https:\/\/defensor.umh.es\/ca\/wp-json\/wp\/v2\/pages\/507"}],"wp:attachment":[{"href":"https:\/\/defensor.umh.es\/ca\/wp-json\/wp\/v2\/media?parent=514"}],"curies":[{"name":"wp","href":"https:\/\/api.w.org\/{rel}","templated":true}]}}