{"id":525,"date":"2016-07-12T09:28:23","date_gmt":"2016-07-12T07:28:23","guid":{"rendered":"http:\/\/defensor.umh.es\/?page_id=525"},"modified":"2023-09-11T12:26:44","modified_gmt":"2023-09-11T10:26:44","slug":"cuando-y-como-acudir","status":"publish","type":"page","link":"https:\/\/defensor.umh.es\/ca\/cuando-y-como-acudir\/","title":{"rendered":"Quan i com acudir"},"content":{"rendered":"<p><\/p>\n<p style=\"text-align: justify\"><span style=\"color: #003366\"><strong><u>Quan acudir?<\/u><\/strong><\/span><\/p>\n<p style=\"text-align: justify\">\u2022 Quan estimeu que han sigut vulnerats els vostres drets o retallades les vostres llibertats.<br \/>\n\u2022 Quan considereu que existeixen situacions injustes.<br \/>\n\u2022 Quan aprecieu que es fan malb\u00e9 els vostres interessos leg\u00edtims.<br \/>\n\u2022 Quan preciseu orientaci\u00f3, assessorament o informaci\u00f3.<br \/>\n\u2022 Quan vulgueu plantejar q\u00fcestions d&#8217;inter\u00e8s general.<\/p>\n<p style=\"text-align: justify\"><span style=\"color: #003366\"><strong><u>Com acudir?<\/u><\/strong><\/span><\/p>\n<p style=\"text-align: justify\">Qualsevol membre de la Comunitat Universit\u00e0ria que vulga plantejar-nos alguna q\u00fcesti\u00f3 o li calga assessorament dins de l&#8217;\u00e0mbit universitari pot traslladar-nos-la preferentment a trav\u00e9s del <a href=\"https:\/\/docs.google.com\/forms\/d\/e\/1FAIpQLSd9wlEUwIeZ0kqB3wAZMTjQJiYkw0NF71zNWjcCQ_ZypMPCmA\/viewform\" target=\"_blank\" rel=\"noopener noreferrer\"><strong>formulari<\/strong> <\/a>habilitat a aquest efecte en la WEB del Defensor Universitari, en l&#8217;Oficina del Defensor Universitari personalment o enviant-les per carta certificada.<\/p>\n<p>Aix\u00ed mateix, poden presentar-se en el Registre General de la Universitat o acudir personalment a l&#8217;Oficina del Defensor Universitari de la UMH pr\u00e8via cita.<\/p>","protected":false},"excerpt":{"rendered":"<p>Quan acudir?<br \/>\n\u2022 Quan estimeu que han sigut vulnerats els vostres drets o retallades les vostres llibertats.<br \/>\n\u2022 Quan considereu que existeixen situacions injustes.<br \/>\n\u2022 Quan aprecieu que es fan malb\u00e9 els vostres interessos leg\u00edtims.<br \/>\n\u2022 Quan preciseu orientaci\u00f3, assessorament o informaci\u00f3.<br \/>\n\u2022 Quan vulgueu plantejar q\u00fcestions d&#8217;inter\u00e8s general.<br \/>\nCom acudir?<br \/>\nQualsevol membre de la Comunitat Universit\u00e0ria que vulga plantejar-nos alguna q\u00fcesti\u00f3 [&#8230;]<\/p>\n","protected":false},"author":168,"featured_media":0,"parent":0,"menu_order":3,"comment_status":"closed","ping_status":"open","template":"","meta":{"ngg_post_thumbnail":0,"_links_to":"","_links_to_target":""},"_links":{"self":[{"href":"https:\/\/defensor.umh.es\/ca\/wp-json\/wp\/v2\/pages\/525"}],"collection":[{"href":"https:\/\/defensor.umh.es\/ca\/wp-json\/wp\/v2\/pages"}],"about":[{"href":"https:\/\/defensor.umh.es\/ca\/wp-json\/wp\/v2\/types\/page"}],"author":[{"embeddable":true,"href":"https:\/\/defensor.umh.es\/ca\/wp-json\/wp\/v2\/users\/168"}],"replies":[{"embeddable":true,"href":"https:\/\/defensor.umh.es\/ca\/wp-json\/wp\/v2\/comments?post=525"}],"version-history":[{"count":0,"href":"https:\/\/defensor.umh.es\/ca\/wp-json\/wp\/v2\/pages\/525\/revisions"}],"wp:attachment":[{"href":"https:\/\/defensor.umh.es\/ca\/wp-json\/wp\/v2\/media?parent=525"}],"curies":[{"name":"wp","href":"https:\/\/api.w.org\/{rel}","templated":true}]}}