{"id":526,"date":"2016-07-12T09:30:11","date_gmt":"2016-07-12T07:30:11","guid":{"rendered":"http:\/\/defensor.umh.es\/?page_id=526"},"modified":"2020-10-14T09:24:12","modified_gmt":"2020-10-14T07:24:12","slug":"contacta-con-el-defensor-universitario","status":"publish","type":"page","link":"https:\/\/defensor.umh.es\/ca\/contacta-con-el-defensor-universitario\/","title":{"rendered":"Contacteu"},"content":{"rendered":"<p><\/p>\n<p style=\"text-align: justify\">A trav\u00e9s del formulari disponible en aquest <strong><a href=\"https:\/\/docs.google.com\/forms\/d\/e\/1FAIpQLSd9wlEUwIeZ0kqB3wAZMTjQJiYkw0NF71zNWjcCQ_ZypMPCmA\/viewform\" target=\"_blank\" rel=\"noopener noreferrer\">enlla\u00e7<\/a><\/strong>, podreu posar-vos en contacte amb el Defensor Universitari de la UMH.<\/p>\n<p style=\"text-align: justify\">Una vegada emplenat correctament, &nbsp;des de l&#8217;Oficina del Defensor es posaran en contacte amb vosaltres en relaci\u00f3 a la sol\u00b7licitud plantejada.<\/p>\n<blockquote>\n<p style=\"text-align: justify\"><em>D&#8217;acord amb el que disposa la <a href=\"https:\/\/www.boe.es\/buscar\/act.php?id=BOE-A-1999-23750\" target=\"_blank\" rel=\"noopener noreferrer\">Llei Org\u00e0nica 15\/1999 de protecci\u00f3 de dades de car\u00e0cter personal<\/a>, us informem que les vostres dades seran destinades exclusivament a la gesti\u00f3 de la q\u00fcesti\u00f3 plantejada, aix\u00ed com l&#8217;elaboraci\u00f3, sense refer\u00e8ncia nominal, de la mem\u00f2ria anual d&#8217;activitats.<\/em><\/p>\n<\/blockquote>\n<p><\/p>","protected":false},"excerpt":{"rendered":"<p>A trav\u00e9s del formulari disponible en aquest enlla\u00e7, podreu posar-vos en contacte amb el Defensor Universitari de la UMH.<br \/>\nUna vegada emplenat correctament, &nbsp;des de l&#8217;Oficina del Defensor es posaran en contacte amb vosaltres en relaci\u00f3 a la sol\u00b7licitud plantejada.<\/p>\n<p>D&#8217;acord amb el que disposa la Llei Org\u00e0nica 15\/1999 de protecci\u00f3 de dades de car\u00e0cter personal, us [&#8230;]<\/p>\n","protected":false},"author":168,"featured_media":0,"parent":0,"menu_order":8,"comment_status":"closed","ping_status":"open","template":"","meta":{"ngg_post_thumbnail":0,"_links_to":"","_links_to_target":""},"_links":{"self":[{"href":"https:\/\/defensor.umh.es\/ca\/wp-json\/wp\/v2\/pages\/526"}],"collection":[{"href":"https:\/\/defensor.umh.es\/ca\/wp-json\/wp\/v2\/pages"}],"about":[{"href":"https:\/\/defensor.umh.es\/ca\/wp-json\/wp\/v2\/types\/page"}],"author":[{"embeddable":true,"href":"https:\/\/defensor.umh.es\/ca\/wp-json\/wp\/v2\/users\/168"}],"replies":[{"embeddable":true,"href":"https:\/\/defensor.umh.es\/ca\/wp-json\/wp\/v2\/comments?post=526"}],"version-history":[{"count":0,"href":"https:\/\/defensor.umh.es\/ca\/wp-json\/wp\/v2\/pages\/526\/revisions"}],"wp:attachment":[{"href":"https:\/\/defensor.umh.es\/ca\/wp-json\/wp\/v2\/media?parent=526"}],"curies":[{"name":"wp","href":"https:\/\/api.w.org\/{rel}","templated":true}]}}