{"id":534,"date":"2016-07-14T11:33:46","date_gmt":"2016-07-14T09:33:46","guid":{"rendered":"http:\/\/defensor.umh.es\/?page_id=534"},"modified":"2020-10-15T08:37:18","modified_gmt":"2020-10-15T06:37:18","slug":"recomendaciones","status":"publish","type":"page","link":"https:\/\/defensor.umh.es\/ca\/funciones\/recomendaciones\/","title":{"rendered":"Recomanacions, Informes i Suggeriments"},"content":{"rendered":"<p><\/p>\n<p style=\"text-align: justify\"><span style=\"color: #000000\">El Defensor Universitari pot formular a les autoritats acad\u00e8miques i d&#8217;administraci\u00f3 i serveis, advert\u00e8ncies, recomanacions, recordatoris dels seus deures i suggeriments per a l&#8217;adopci\u00f3 de noves mesures.<\/span><\/p>\n<p style=\"text-align: justify\"><span style=\"color: #000000\">Formulades les recomanacions, si dins d&#8217;un termini raonable no es produeix una mesura adequada en eixe sentit per l&#8217;autoritat afectada, o aquesta no informa el Defensor Universitari de les raons que estime per a no adoptar-les, aquest podr\u00e0 posar en coneixement del Vicerector corresponent, del Gerent o del Rector, els antecedents de l&#8217;assumpte i les recomanacions presentades.<\/span><\/p>\n<p style=\"text-align: justify\"><span style=\"color: #000000\">El Defensor Universitari, encara no ser competent per a modificar o anul\u00b7lar els actes i resolucions de l&#8217;Administraci\u00f3 universit\u00e0ria podr\u00e0, no obstant aix\u00f2, suggerir la modificaci\u00f3 dels criteris utilitzats per a la seua producci\u00f3.<\/span><\/p>\n<p style=\"text-align: justify\"><span style=\"color: #000000\">Si, com a conseq\u00fc\u00e8ncia de les investigacions, el Defensor Universitari verifica que el compliment rigor\u00f3s d&#8217;una norma pot provocar situacions injustes o perjudicials per als membres de la comunitat universit\u00e0ria podr\u00e0 suggerir-ne a l&#8217;\u00f2rgan o servei competent la modificaci\u00f3.<\/span><\/p>\n<p><\/p>","protected":false},"excerpt":{"rendered":"<p>El Defensor Universitari pot formular a les autoritats acad\u00e8miques i d&#8217;administraci\u00f3 i serveis, advert\u00e8ncies, recomanacions, recordatoris dels seus deures i suggeriments per a l&#8217;adopci\u00f3 de noves mesures.<br \/>\nFormulades les recomanacions, si dins d&#8217;un termini raonable no es produeix una mesura adequada en eixe sentit per l&#8217;autoritat afectada, o aquesta no informa el Defensor Universitari de les [&#8230;]<\/p>\n","protected":false},"author":168,"featured_media":0,"parent":530,"menu_order":40,"comment_status":"closed","ping_status":"open","template":"","meta":{"ngg_post_thumbnail":0,"_links_to":"","_links_to_target":""},"_links":{"self":[{"href":"https:\/\/defensor.umh.es\/ca\/wp-json\/wp\/v2\/pages\/534"}],"collection":[{"href":"https:\/\/defensor.umh.es\/ca\/wp-json\/wp\/v2\/pages"}],"about":[{"href":"https:\/\/defensor.umh.es\/ca\/wp-json\/wp\/v2\/types\/page"}],"author":[{"embeddable":true,"href":"https:\/\/defensor.umh.es\/ca\/wp-json\/wp\/v2\/users\/168"}],"replies":[{"embeddable":true,"href":"https:\/\/defensor.umh.es\/ca\/wp-json\/wp\/v2\/comments?post=534"}],"version-history":[{"count":0,"href":"https:\/\/defensor.umh.es\/ca\/wp-json\/wp\/v2\/pages\/534\/revisions"}],"up":[{"embeddable":true,"href":"https:\/\/defensor.umh.es\/ca\/wp-json\/wp\/v2\/pages\/530"}],"wp:attachment":[{"href":"https:\/\/defensor.umh.es\/ca\/wp-json\/wp\/v2\/media?parent=534"}],"curies":[{"name":"wp","href":"https:\/\/api.w.org\/{rel}","templated":true}]}}